{"id":1077,"date":"2021-05-30T14:08:16","date_gmt":"2021-05-30T13:08:16","guid":{"rendered":"https:\/\/workout.wordifysites.com\/?page_id=2"},"modified":"2025-12-16T17:36:49","modified_gmt":"2025-12-16T17:36:49","slug":"home","status":"publish","type":"page","link":"https:\/\/gcoach.pro\/","title":{"rendered":"Accueil"},"content":{"rendered":"\n<section class=\"gb-element-c03c802c\">\n<div class=\"gb-element-cf6a1d98\" style=\"--inline-bg-image: url(http:\/\/gcoach.pro\/wp-content\/uploads\/2025\/12\/accueil.jpg)\">\n<p class=\"gb-text gb-text-c7a4c0f7\">deviens la meilleure version de toi m\u00eame<\/p>\n\n\n\n<h1 class=\"gb-text gb-text-2e50a072\"><mark style=\"background-color:rgba(0, 0, 0, 0)\" class=\"has-inline-color has-base-color\">G . COACH<\/mark><\/h1>\n\n\n\n<p><\/p>\n\n\n\n<div class=\"gb-element-6fbb839e\">\n<a class=\"gb-text gb-text-0b48ae42\" href=\"https:\/\/gcoach.pro\/index.php\/contact\/\">ME CONTACTER<\/a>\n<\/div>\n<\/div>\n<\/section>\n\n\n\n<section class=\"gb-element-88bbdcfe\">\n<div class=\"gb-element-b7a60bc5\">\n<div class=\"gb-element-ccc91616\">\n<h2 class=\"gb-text gb-text-f5027235\"><mark style=\"background-color:rgba(0, 0, 0, 0)\" class=\"has-inline-color has-base-2-color\">01<\/mark><\/h2>\n\n\n\n<h3 class=\"gb-text gb-text-271eb8d2\"><mark style=\"background-color:rgba(0, 0, 0, 0)\" class=\"has-inline-color has-base-color\">Pr\u00e9paration Physique<\/mark><\/h3>\n\n\n\n<p class=\"gb-text\"><mark style=\"background-color:rgba(0, 0, 0, 0)\" class=\"has-inline-color has-base-2-color\">Je construis des programmes personnalis\u00e9s pour d\u00e9velopper force, endurance, mobilit\u00e9 et<br>explosivit\u00e9. Chaque s\u00e9ance est pens\u00e9e selon votre objectif : prise de masse, perte de poids, pr\u00e9paration \u00e0<br>un test sportif (RAID, Hyrox, concours, etc.) ou remise en forme durable.<\/mark><\/p>\n<\/div>\n\n\n\n<div class=\"gb-element-ee09af91\">\n<h2 class=\"gb-text gb-text-056eab9f\"><mark style=\"background-color:rgba(0, 0, 0, 0)\" class=\"has-inline-color has-base-2-color\">02<\/mark><\/h2>\n\n\n\n<h3 class=\"gb-text gb-text-b9833607\"><mark style=\"background-color:rgba(0, 0, 0, 0)\" class=\"has-inline-color has-base-color\">Pr\u00e9paration Mentale<\/mark><\/h3>\n\n\n\n<p class=\"gb-text\"><mark style=\"background-color:rgba(0, 0, 0, 0)\" class=\"has-inline-color has-base-2-color\">Le mental est un muscle qui se travaille.<br>Gr\u00e2ce \u00e0 des outils issus de la psychologie du sport, de la respiration et de la gestion du<br>stress, je vous aide \u00e0 am\u00e9liorer votre concentration, votre motivation et votre confiance.<\/mark><\/p>\n<\/div>\n\n\n\n<div class=\"gb-element-6467bb61\">\n<h2 class=\"gb-text gb-text-39be2b69\"><mark style=\"background-color:rgba(0, 0, 0, 0)\" class=\"has-inline-color has-base-2-color\">03<\/mark><\/h2>\n\n\n\n<h3 class=\"gb-text gb-text-06c759b2\"><mark style=\"background-color:rgba(0, 0, 0, 0)\" class=\"has-inline-color has-base-color\">Coaching Nutrition<\/mark><\/h3>\n\n\n\n<p class=\"gb-text\"><mark style=\"background-color:rgba(0, 0, 0, 0)\" class=\"has-inline-color has-base-2-color\">La nutrition est le carburant de votre performance.<br>Ensemble, nous \u00e9tablissons un plan alimentaire adapt\u00e9 \u00e0 vos besoins, vos objectifs et votre<br>rythme de vie, sans frustration ni privation.<\/mark><\/p>\n<\/div>\n<\/div>\n<\/section>\n\n\n\n<section class=\"gb-element-eb3f0947\">\n<div class=\"gb-element-0c708178\">\n<blockquote class=\"wp-block-quote has-text-align-center is-layout-flow wp-block-quote-is-layout-flow\">\n<div>\n<h3 class=\"gb-text\"><mark style=\"background-color:rgba(0, 0, 0, 0)\" class=\"has-inline-color has-base-color\">Pr\u00e9paration physique personnalis\u00e9e<\/mark><\/h3>\n<\/div>\n<\/blockquote>\n\n\n\n<p class=\"gb-text gb-text-f42c5c22\"><mark style=\"background-color:rgba(0, 0, 0, 0)\" class=\"has-inline-color has-base-2-color\">Atteins ton plein potentiel avec des s\u00e9ances adapt\u00e9es \u00e0 ton niveau, tes objectifs et ton emploi du temps.<br>Force, endurance, mobilit\u00e9 et explosivit\u00e9.<\/mark><\/p>\n\n\n\n<p class=\"gb-text gb-text-982fff39\"><mark style=\"background-color:rgba(0, 0, 0, 0)\" class=\"has-inline-color has-accent-color\">\u2611\ufe0f D\u00e9velopper ta puissance<\/mark><\/p>\n\n\n\n<p class=\"gb-text gb-text-66e435eb\"><mark style=\"background-color:rgba(0, 0, 0, 0)\" class=\"has-inline-color has-accent-color\">\u2611\ufe0f Am\u00e9liorer ta posture et tes performances<\/mark><\/p>\n\n\n\n<p class=\"gb-text gb-text-ac97fcd2\"><mark style=\"background-color:rgba(0, 0, 0, 0)\" class=\"has-inline-color has-accent-color\">\u2611\ufe0f R\u00e9duire les blessure<\/mark><\/p>\n\n\n\n<p class=\"gb-text gb-text-14eef828\"><mark style=\"background-color:rgba(0, 0, 0, 0)\" class=\"has-inline-color has-accent-color\">\u2611\ufe0f Optimiser ton \u00e9nergie au quotidien<\/mark><\/p>\n\n\n\n<p><\/p>\n\n\n\n<p><\/p>\n<\/div>\n\n\n\n<div class=\"gb-element-3b0e96f8\">\n<div class=\"gb-element-e6e7a91c\">\n<div>\n<h3 class=\"gb-text gb-text-0256fdd2\"><mark style=\"background-color:rgba(0, 0, 0, 0)\" class=\"has-inline-color has-base-color\">Pr\u00e9paration Mentale &amp; Gestion du Stress<\/mark><\/h3>\n\n\n\n<p><\/p>\n\n\n\n<p><\/p>\n\n\n\n<p class=\"gb-headline gb-headline-ed1af437 gb-headline-text\"><mark style=\"background-color:rgba(0, 0, 0, 0)\" class=\"has-inline-color has-base-2-color\">Renforce ton mental avec des techniques issues du sport de haut niveau.<br>Confiance, motivation, focus et s\u00e9r\u00e9nit\u00e9.<\/mark><br><br><mark style=\"background-color:rgba(0, 0, 0, 0)\" class=\"has-inline-color has-accent-color\">\u2611\ufe0f D\u00e9velopper ta concentration<br>\u2611\ufe0f G\u00e9rer la pression<br>\u2611\ufe0f Retrouver la motivation<br>\u2611\ufe0f Optimiser la r\u00e9cup\u00e9ration mentale<\/mark><\/p>\n<\/div>\n\n\n\n<div>\n<h3 class=\"gb-text gb-text-246ec5c6\"><mark style=\"background-color:rgba(0, 0, 0, 0)\" class=\"has-inline-color has-base-color\">Nutrition &amp; R\u00e9cup\u00e9ration<\/mark><\/h3>\n\n\n\n<p><\/p>\n\n\n\n<p><\/p>\n\n\n\n<p><\/p>\n\n\n\n<p class=\"gb-text gb-text-f4ef8368\"><mark style=\"background-color:rgba(0, 0, 0, 0)\" class=\"has-inline-color has-base-2-color\">Atteins ton objectif physique gr\u00e2ce \u00e0 une approche nutritionnelle simple, efficace et adapt\u00e9e \u00e0 ta vie active.<\/mark><br><br><mark style=\"background-color:rgba(0, 0, 0, 0)\" class=\"has-inline-color has-accent-color\">\u2611\ufe0f Reprendre le contr\u00f4le de ton alimentation<br>\u2611\ufe0f Booster tes performances<br>\u2611\ufe0f Am\u00e9liorer ton sommeil<br>\u2611\ufe0f G\u00e9rer ton poids durablement<\/mark><\/p>\n<\/div>\n\n\n\n<div><\/div>\n<\/div>\n<\/div>\n<\/section>\n\n\n\n<section class=\"gb-element-0daae786\">\n<figure class=\"wp-block-image size-large\"><img loading=\"lazy\" decoding=\"async\" width=\"934\" height=\"1024\" src=\"https:\/\/gcoach.pro\/wp-content\/uploads\/2025\/10\/LOGO-G-COACH-SANS-FOND-934x1024.png\" alt=\"\" class=\"wp-image-1122\" srcset=\"https:\/\/gcoach.pro\/wp-content\/uploads\/2025\/10\/LOGO-G-COACH-SANS-FOND-934x1024.png 934w, https:\/\/gcoach.pro\/wp-content\/uploads\/2025\/10\/LOGO-G-COACH-SANS-FOND-274x300.png 274w, https:\/\/gcoach.pro\/wp-content\/uploads\/2025\/10\/LOGO-G-COACH-SANS-FOND-768x842.png 768w, https:\/\/gcoach.pro\/wp-content\/uploads\/2025\/10\/LOGO-G-COACH-SANS-FOND-1401x1536.png 1401w, https:\/\/gcoach.pro\/wp-content\/uploads\/2025\/10\/LOGO-G-COACH-SANS-FOND.png 1868w\" sizes=\"auto, (max-width: 934px) 100vw, 934px\" \/><\/figure>\n\n\n\n<div class=\"gb-element-1f729f01\">\n<h3 class=\"gb-text-cdab94e9\"><span class=\"gb-shape\"><svg viewBox=\"0 0 218.28 17.62\" xmlns=\"http:\/\/www.w3.org\/2000\/svg\" data-name=\"Capa 1\"><path d=\"M0 0h217.92v17.62H0z\"><\/path><\/svg><\/span><span class=\"gb-text\"><mark style=\"background-color:rgba(0, 0, 0, 0)\" class=\"has-inline-color has-base-color\">Mon univers d&rsquo;entra\u00eenement<\/mark><\/span><\/h3>\n\n\n\n<p class=\"gb-text gb-text-0d7e2a4b\"><\/p>\n\n\n\n<blockquote class=\"wp-block-quote is-layout-flow wp-block-quote-is-layout-flow\">\n<p><mark style=\"background-color:rgba(0, 0, 0, 0)\" class=\"has-inline-color has-base-2-color\">Ici, pas de machines inutiles ni de routines toutes faites.<br>Chaque s\u00e9ance est pens\u00e9e pour <strong>d\u00e9velopper ton corps, ton mental et ta discipline<\/strong>.<br>Je combine <strong>entra\u00eenement fonctionnel, respiration et r\u00e9cup\u00e9ration active<\/strong> pour t\u2019amener \u00e0 devenir la meilleure version de toi-m\u00eame.<\/mark><\/p>\n<\/blockquote>\n\n\n\n<blockquote class=\"wp-block-quote is-layout-flow wp-block-quote-is-layout-flow\">\n<p>\ud83d\udd39 <mark style=\"background-color:rgba(0, 0, 0, 0)\" class=\"has-inline-color has-base-2-color\">S\u00e9ances en salle \u2013 force, mobilit\u00e9, explosivit\u00e9<\/mark><\/p>\n\n\n\n<p><mark style=\"background-color:rgba(0, 0, 0, 0)\" class=\"has-inline-color has-base-2-color\"><br>\ud83d\udd39 En ext\u00e9rieur \u2013 endurance, coh\u00e9sion, d\u00e9passement<\/mark><\/p>\n\n\n\n<p><mark style=\"background-color:rgba(0, 0, 0, 0)\" class=\"has-inline-color has-base-2-color\"><br>\ud83d\udd39 M\u00e9thodes G.COACH \u2013 respiration, froid, mental<\/mark><\/p>\n<\/blockquote>\n\n\n\n<p>\ud83d\udccd<strong><mark style=\"background-color:rgba(0, 0, 0, 0)\" class=\"has-inline-color has-accent-color\">Nice et ses alentours  \u2013 s\u00e9ances en salle, en ext\u00e9rieur et \u00e0 domicile<\/mark><\/strong><\/p>\n\n\n\n<p class=\"gb-text gb-text-fa2d8560\"><\/p>\n<\/div>\n<\/section>\n\n\n\n<section class=\"gb-element-812bac48\">\n<h2 class=\"gb-text-7f156275\"><span class=\"gb-shape\"><svg viewBox=\"0 0 218.28 17.62\" xmlns=\"http:\/\/www.w3.org\/2000\/svg\" data-name=\"Capa 1\"><path d=\"M0 0h217.92v17.62H0z\"><\/path><\/svg><\/span><span class=\"gb-text\">LES ENTRAINEMENTS G.COACH<\/span><\/h2>\n\n\n\n<div class=\"gb-element-b624f082\">\n<div class=\"gb-element-cb13f56f\">\n<img loading=\"lazy\" decoding=\"async\" width=\"1024\" height=\"1536\" class=\"gb-media-007f9f6c\" src=\"http:\/\/gcoach.pro\/wp-content\/uploads\/2025\/12\/hypertrophie.jpg\" title=\"hypertrophie\" alt=\"\" srcset=\"https:\/\/gcoach.pro\/wp-content\/uploads\/2025\/12\/hypertrophie.jpg 1024w, https:\/\/gcoach.pro\/wp-content\/uploads\/2025\/12\/hypertrophie-200x300.jpg 200w, https:\/\/gcoach.pro\/wp-content\/uploads\/2025\/12\/hypertrophie-683x1024.jpg 683w, https:\/\/gcoach.pro\/wp-content\/uploads\/2025\/12\/hypertrophie-768x1152.jpg 768w\" sizes=\"auto, (max-width: 1024px) 100vw, 1024px\" \/>\n\n\n\n<h3 class=\"gb-text gb-text-62043a3d\">Prise de masse &amp; hypertrophie<\/h3>\n\n\n\n<p class=\"gb-text gb-text-68d7f9d6\">D\u00e9velopper la masse musculaire de fa\u00e7on propre et durable gr\u00e2ce \u00e0 une programmation pr\u00e9cise et \u00e9volutive.<\/p>\n<\/div>\n\n\n\n<div class=\"gb-element-fbd92a32\">\n<img loading=\"lazy\" decoding=\"async\" width=\"1024\" height=\"1536\" class=\"gb-media-19d137e2\" src=\"http:\/\/gcoach.pro\/wp-content\/uploads\/2025\/12\/force.jpg\" title=\"force\" alt=\"\" srcset=\"https:\/\/gcoach.pro\/wp-content\/uploads\/2025\/12\/force.jpg 1024w, https:\/\/gcoach.pro\/wp-content\/uploads\/2025\/12\/force-200x300.jpg 200w, https:\/\/gcoach.pro\/wp-content\/uploads\/2025\/12\/force-683x1024.jpg 683w, https:\/\/gcoach.pro\/wp-content\/uploads\/2025\/12\/force-768x1152.jpg 768w\" sizes=\"auto, (max-width: 1024px) 100vw, 1024px\" \/>\n\n\n\n<h3 class=\"gb-text gb-text-80efd47a\">prise de force<\/h3>\n\n\n\n<p class=\"gb-text gb-text-4cbe0c5a\">Augmente tes charges au squat, d\u00e9velopp\u00e9 couch\u00e9, soulev\u00e9 de terre et sur les exercices cl\u00e9s gr\u00e2ce \u00e0 un suivi structur\u00e9 et progressif.<\/p>\n<\/div>\n\n\n\n<div class=\"gb-element-f159c43c\">\n<img loading=\"lazy\" decoding=\"async\" width=\"1024\" height=\"1536\" class=\"gb-media-4c836856\" src=\"http:\/\/gcoach.pro\/wp-content\/uploads\/2025\/12\/renfo.jpg\" title=\"renfo\" alt=\"\" srcset=\"https:\/\/gcoach.pro\/wp-content\/uploads\/2025\/12\/renfo.jpg 1024w, https:\/\/gcoach.pro\/wp-content\/uploads\/2025\/12\/renfo-200x300.jpg 200w, https:\/\/gcoach.pro\/wp-content\/uploads\/2025\/12\/renfo-683x1024.jpg 683w, https:\/\/gcoach.pro\/wp-content\/uploads\/2025\/12\/renfo-768x1152.jpg 768w\" sizes=\"auto, (max-width: 1024px) 100vw, 1024px\" \/>\n\n\n\n<h3 class=\"gb-text gb-text-7e5e24e3\">renforcement musculaire &amp; mobilit\u00e9<\/h3>\n\n\n\n<p class=\"gb-text gb-text-d561aecc\">Travail cibl\u00e9 pour corriger les d\u00e9s\u00e9quilibres, pr\u00e9venir les blessures et am\u00e9liorer ta posture. S\u00e9ances fluides et progressives pour am\u00e9liorer les amplitudes, r\u00e9duire les douleurs et optimiser les performances.<\/p>\n<\/div>\n\n\n\n<div class=\"gb-element-e5b0426d\">\n<img loading=\"lazy\" decoding=\"async\" width=\"1024\" height=\"1536\" class=\"gb-media-c9a1e5d7\" src=\"http:\/\/gcoach.pro\/wp-content\/uploads\/2025\/12\/cardio.jpg\" title=\"cardio\" alt=\"\" srcset=\"https:\/\/gcoach.pro\/wp-content\/uploads\/2025\/12\/cardio.jpg 1024w, https:\/\/gcoach.pro\/wp-content\/uploads\/2025\/12\/cardio-200x300.jpg 200w, https:\/\/gcoach.pro\/wp-content\/uploads\/2025\/12\/cardio-683x1024.jpg 683w, https:\/\/gcoach.pro\/wp-content\/uploads\/2025\/12\/cardio-768x1152.jpg 768w\" sizes=\"auto, (max-width: 1024px) 100vw, 1024px\" \/>\n\n\n\n<h3 class=\"gb-text gb-text-fa6d508c\">Perte de poids &amp; cardio training \/ HIIt<\/h3>\n\n\n\n<p class=\"gb-text gb-text-4ba36714\">Transforme ta silhouette, am\u00e9liore ta sant\u00e9 et retrouve ton \u00e9nergie gr\u00e2ce \u00e0 un accompagnement complet et adapt\u00e9 \u00e0 ton rythme. Je propose \u00e9galement un travail \u00e0 haute intensit\u00e9 pour booster ton cardio, br\u00fbler un maximum de calories et am\u00e9liorer ton endurance.<\/p>\n<\/div>\n\n\n\n<div class=\"gb-element-fc0e36a3\">\n<img loading=\"lazy\" decoding=\"async\" width=\"1024\" height=\"1024\" class=\"gb-media-271a9305\" src=\"http:\/\/gcoach.pro\/wp-content\/uploads\/2025\/12\/training-bord-de-mer.jpg\" title=\"training bord de mer\" alt=\"\" srcset=\"https:\/\/gcoach.pro\/wp-content\/uploads\/2025\/12\/training-bord-de-mer.jpg 1024w, https:\/\/gcoach.pro\/wp-content\/uploads\/2025\/12\/training-bord-de-mer-300x300.jpg 300w, https:\/\/gcoach.pro\/wp-content\/uploads\/2025\/12\/training-bord-de-mer-150x150.jpg 150w, https:\/\/gcoach.pro\/wp-content\/uploads\/2025\/12\/training-bord-de-mer-768x768.jpg 768w\" sizes=\"auto, (max-width: 1024px) 100vw, 1024px\" \/>\n\n\n\n<h3 class=\"gb-text gb-text-eb508ba7\">training bord de mer<\/h3>\n\n\n\n<p class=\"gb-text gb-text-b683b78b\">Entra\u00eenement unique: mobilit\u00e9, technique, musculation et circuit training en fonction des niveaux et de la demande. Le tout dans un cadre exceptionnel.<\/p>\n<\/div>\n\n\n\n<div class=\"gb-element-fb9dc2ee\">\n<img loading=\"lazy\" decoding=\"async\" width=\"1536\" height=\"1024\" class=\"gb-media-93eea941\" src=\"http:\/\/gcoach.pro\/wp-content\/uploads\/2025\/12\/exposition-au-froid.jpg\" title=\"exposition au froid\" alt=\"\" srcset=\"https:\/\/gcoach.pro\/wp-content\/uploads\/2025\/12\/exposition-au-froid.jpg 1536w, https:\/\/gcoach.pro\/wp-content\/uploads\/2025\/12\/exposition-au-froid-300x200.jpg 300w, https:\/\/gcoach.pro\/wp-content\/uploads\/2025\/12\/exposition-au-froid-1024x683.jpg 1024w, https:\/\/gcoach.pro\/wp-content\/uploads\/2025\/12\/exposition-au-froid-768x512.jpg 768w\" sizes=\"auto, (max-width: 1536px) 100vw, 1536px\" \/>\n\n\n\n<h3 class=\"gb-text gb-text-334be396\">exposition au froid, respiration et prepartion mentale<\/h3>\n\n\n\n<p class=\"gb-text gb-text-c99c4727\">M\u00e9thodes inspir\u00e9es de la m\u00e9thode WimHoff, respiration, gestion du stress, immersion froide et travail mental. Visualisation, concentration, routine mentale, activation de la performance, id\u00e9al comp\u00e9tition, examens ou objectifs personnels.<\/p>\n<\/div>\n<\/div>\n<\/section>\n","protected":false},"excerpt":{"rendered":"<p>deviens la meilleure version de toi m\u00eame G . COACH ME CONTACTER 01 Pr\u00e9paration Physique Je construis des programmes personnalis\u00e9s pour d\u00e9velopper force, endurance, mobilit\u00e9 &#8230; <a title=\"Accueil\" class=\"read-more\" href=\"https:\/\/gcoach.pro\/\" aria-label=\"En savoir plus sur Accueil\">Lire plus<\/a><\/p>\n","protected":false},"author":1,"featured_media":0,"parent":0,"menu_order":0,"comment_status":"closed","ping_status":"closed","template":"","meta":{"footnotes":""},"class_list":["post-1077","page","type-page","status-publish"],"_links":{"self":[{"href":"https:\/\/gcoach.pro\/index.php\/wp-json\/wp\/v2\/pages\/1077","targetHints":{"allow":["GET"]}}],"collection":[{"href":"https:\/\/gcoach.pro\/index.php\/wp-json\/wp\/v2\/pages"}],"about":[{"href":"https:\/\/gcoach.pro\/index.php\/wp-json\/wp\/v2\/types\/page"}],"author":[{"embeddable":true,"href":"https:\/\/gcoach.pro\/index.php\/wp-json\/wp\/v2\/users\/1"}],"replies":[{"embeddable":true,"href":"https:\/\/gcoach.pro\/index.php\/wp-json\/wp\/v2\/comments?post=1077"}],"version-history":[{"count":29,"href":"https:\/\/gcoach.pro\/index.php\/wp-json\/wp\/v2\/pages\/1077\/revisions"}],"predecessor-version":[{"id":1204,"href":"https:\/\/gcoach.pro\/index.php\/wp-json\/wp\/v2\/pages\/1077\/revisions\/1204"}],"wp:attachment":[{"href":"https:\/\/gcoach.pro\/index.php\/wp-json\/wp\/v2\/media?parent=1077"}],"curies":[{"name":"wp","href":"https:\/\/api.w.org\/{rel}","templated":true}]}}